{"id":14,"date":"2020-01-01T18:48:48","date_gmt":"2020-01-01T17:48:48","guid":{"rendered":"http:\/\/danielebrillaud.fr\/?page_id=14"},"modified":"2022-01-22T16:18:40","modified_gmt":"2022-01-22T15:18:40","slug":"psychanalyste-paris-7-psychotherapeute-paris-7","status":"publish","type":"page","link":"https:\/\/danielebrillaud.fr\/","title":{"rendered":"Psychanalyste &#038; Psychoth\u00e9rapeute"},"content":{"rendered":"\n<h2><strong>Psychanalyste Paris 7<\/strong> <\/h2>\n\n\n\n<p><\/p>\n\n\n\n<p>La psychanalyse s&rsquo;adresse aux personnes qui souffrent de <strong>crises d&rsquo;angoisse<\/strong>, de <strong>TOCS<\/strong> ( id\u00e9es obs\u00e9dantes, rituels obsessionnels), &nbsp;de <strong>phobies<\/strong>, ou d\u2019un <strong>\u00e9tat d\u00e9pressif<\/strong> (d\u00e9pression). Il s&rsquo;agit d&rsquo;un travail qui doit \u00eatre r\u00e9gulier, mais dont les r\u00e9sultats peuvent \u00eatre ressentis au bout de quelques mois. <\/p>\n\n\n\n<p>Une th\u00e9rapie analytique est indiqu\u00e9e aussi dans les <strong>probl\u00e8mes d\u2019inceste<\/strong>, les <strong>traumatismes<\/strong>, les probl\u00e8mes d\u2019<strong>anorexie<\/strong> et de <strong>boulimie<\/strong>. <\/p>\n\n\n\n<p><\/p>\n\n\n\n<p><strong>Vous pouvez prendre rendez-vous :<\/strong><\/p>\n\n\n\n<ul><li>Par t\u00e9l\u00e9phone :  <a href=\"tel:+33613842907\">06 13 84 29 07<\/a><\/li><li>Par mail : <a href=\"mailto:danielebrillaud@sfr.fr\">danielebrillaud@sfr.fr<\/a><\/li><\/ul>\n\n\n\n<h2>Qui suis-je<\/h2>\n\n\n\n<p>Je m\u2019int\u00e9resse depuis toujours au fonctionnement de l\u2019esprit humain, \u00e0 ses souffrances et \u00e0 ses possibilit\u00e9s d\u2019\u00e9volution. J\u2019ai fait m\u00e9decine, puis psychiatrie, puis je me suis form\u00e9e en psychanalyse \u00e0 \u00c9cole Psychanalytique de Sainte Anne \u00e0 Paris, \u00c9cole affili\u00e9e \u00e0 l\u2019Association Lacanienne Internationale.<\/p>\n\n\n\n<p>J\u2019ai fait toute ma carri\u00e8re de Psychiatre des H\u00f4pitaux dans un des secteurs du 15eme arrondissement de Paris. Apr\u00e8s quelques ann\u00e9es o\u00f9 je travaillais \u00e0 la fois dans l\u2019h\u00f4pital, en tant que m\u00e9decin-Chef adjoint du secteur, j\u2019ai eu la chance de pouvoir me consacrer uniquement au suivi au long cours des patients qui avaient \u00e9t\u00e9 hospitalis\u00e9s, et aussi \u00e0 d\u2019autres patients qui venaient d\u2019eux-m\u00eames au CMP.&nbsp; Ceci m\u2019a permis de mieux comprendre les patients, et ils m\u2019ont beaucoup appris sur la structure des subjectivit\u00e9s, et leurs possibilit\u00e9s d\u2019\u00e9volution.<\/p>\n\n\n\n<p>Parall\u00e8lement \u00e0 mon travail dans l\u2019institution, la psychanalyse m\u2019est apparue rapidement comme extr\u00eamement int\u00e9ressante, puis comme incontournable pour progresser dans la compr\u00e9hension du fonctionnement du psychisme.<\/p>\n\n\n\n<p>L\u2019\u00e9tude des \u00c9crits de Jacques Lacan et de son S\u00e9minaire sur plus de 25 ans m\u2019a passionn\u00e9e et je m\u2019y suis investie avec un grand plaisir intellectuel.<\/p>\n\n\n\n<p>En m\u00eame temps je me suis install\u00e9e en tant que psychanalyste, et l\u2019enseignement de Lacan a toujours \u00e9t\u00e9 ma boussole.<\/p>\n\n\n\n<p>A partir de 1998 j\u2019ai pu commencer \u00e0 organiser moi-m\u00eame un s\u00e9minaire d\u2019enseignement de la psychanalyse au sein du service d\u2019abord, puis pour l\u2019\u00c9cole de Psychanalyse de Sainte Anne \u00e0 partir de 2004.<\/p>\n\n\n\n<p>Entre 2012 et 2020, j\u2019ai enseign\u00e9 au sein de l\u2019\u00c9cole Pratique des Hautes \u00c9tudes en psychanalyse, l\u2019EPhEP, pour la formation des psychoth\u00e9rapeutes.<\/p>\n\n\n\n<p>J\u2019ai travaill\u00e9 aussi avec des \u00c9coles R\u00e9gionales en France, celle de Bretagne, celle d\u2019Orl\u00e9ans, et aussi avec des&nbsp; Associations de psychanalyse de l\u2019ALI \u00e0 l\u2019\u00e9tranger, \u00e0 Rio de Janeiro au Br\u00e9sil, au \u00ab&nbsp;Grupo Plus&nbsp;\u00bb \u00e0 Santiago du Chili, (<a href=\"https:\/\/www.grupoplus.cl\" target=\"_blank\" rel=\"noreferrer noopener\">www.grupoplus.cl<\/a>) et au \u00ab&nbsp;Laboratorio Freudiano&nbsp;\u00bb de Rome. (<a href=\"https:\/\/www.laboratoriofreudiano.it\" target=\"_blank\" rel=\"noreferrer noopener\">www.laboratoriofreudiano.it<\/a>)<\/p>\n\n\n\n<p>Ces rencontres ont souvent \u00e9t\u00e9 l\u2019occasion de publications en commun de nos travaux.<\/p>\n\n\n\n<p>J\u2019ai publi\u00e9 aussi deux ouvrages en fran\u00e7ais&nbsp;:<\/p>\n\n\n\n<p>le premier tente d\u2019articuler le livre de J. Lacan&nbsp;: \u00ab&nbsp;Les \u00c9CRITS&nbsp;\u00bb avec l\u2019expos\u00e9 et l\u2019analyse de cas cliniques qui permettent de saisir comment th\u00e9orie et pratique sont indissociables. Cet ouvrage vient d\u2019\u00eatre publi\u00e9 en anglais chez Routledge (<a href=\"https:\/\/www.routledge.com\/\" target=\"_blank\" rel=\"noreferrer noopener\">ww<em>w.routlege.com<\/em><\/a>)<\/p>\n\n\n\n<p>Le deuxi\u00e8me est une tentative de proposer une&nbsp;\u00bb classification lacanienne des structures subjectives&nbsp;\u00bb pour faire pi\u00e8ce au DSM, grand destructeur de la clinique psychiatrique de l\u2019\u00c9cole fran\u00e7aise, r\u00e9ducteur de l\u2019\u00eatre humain \u00e0 des sympt\u00f4mes auxquels viendrait r\u00e9pondre une mol\u00e9cule, justement produite par les \u00e9diteurs de cet ouvrage\u2026<\/p>\n\n\n\n<p>Je re\u00e7ois des patients \u00e0 partir de 18 ans pour toute sortes de probl\u00e8mes&nbsp;: il peut s\u2019agir d\u2019angoisse, de d\u00e9pression, de troubles obsessionnels compulsifs, d\u2019id\u00e9es obs\u00e9dantes, de phobie, de crise de panique. Il peut s\u2019agir aussi d\u2019un moment de la vie difficile \u00e0 franchir seul, lors d\u2019un deuil ou d\u2019une rupture, du sentiment d\u2019\u00eatre en \u00e9chec, de manquer de confiance en soi, ou bien de jalousie excessive, de difficult\u00e9s dans le couple ou de relations difficiles avec la famille d\u2019origine en raison de l\u2019orientation sexuelle ou professionnelle.<\/p>\n\n\n\n<p>Je prends le temps d\u2019\u00e9couter mes patients\u00a0; le rythme souhaitable des s\u00e9ances est d\u2019au moins une s\u00e9ance par semaine, deux si possible.<\/p>\n\n\n\n<p>Je pr\u00e9f\u00e8re recevoir mes patients \u00e0 mon cabinet mais je suis d\u2019accord aussi pour des s\u00e9ances \u00e0 distance avec Skype ou Zoom, lorsque ce n\u2019est pas possible.<\/p>\n","protected":false},"excerpt":{"rendered":"<p>Psychanalyste Paris 7 La psychanalyse s&rsquo;adresse aux personnes qui souffrent de crises d&rsquo;angoisse, de TOCS ( id\u00e9es obs\u00e9dantes, rituels obsessionnels), &nbsp;de phobies, ou d\u2019un \u00e9tat d\u00e9pressif (d\u00e9pression). Il s&rsquo;agit d&rsquo;un travail qui doit \u00eatre r\u00e9gulier, mais dont les r\u00e9sultats peuvent \u00eatre ressentis au bout de quelques mois. Une th\u00e9rapie analytique est indiqu\u00e9e aussi dans les [&hellip;]<\/p>\n","protected":false},"author":1,"featured_media":0,"parent":0,"menu_order":0,"comment_status":"closed","ping_status":"closed","template":"","meta":[],"yoast_head":"<!-- This site is optimized with the Yoast SEO plugin v17.9 - https:\/\/yoast.com\/wordpress\/plugins\/seo\/ -->\n<title>Psychanalyste Paris 7- Psychoth\u00e9rapeute Paris 7- Dani\u00e8le Brillaud<\/title>\n<meta name=\"description\" content=\"Psychanalyste Paris 7- Angoisse, phobies, troubles obsessionnels, d\u00e9pression, troubles alimentaires, traumatismes sexuels, harc\u00e8lement - Travail r\u00e9gulier, sur rendez-vous - Psychoth\u00e9rapeute Paris 7\" \/>\n<meta name=\"robots\" content=\"index, follow, max-snippet:-1, max-image-preview:large, max-video-preview:-1\" \/>\n<link rel=\"canonical\" href=\"https:\/\/danielebrillaud.fr\/\" \/>\n<meta property=\"og:locale\" content=\"fr_FR\" \/>\n<meta property=\"og:type\" content=\"article\" \/>\n<meta property=\"og:title\" content=\"Psychanalyste Paris 7- Psychoth\u00e9rapeute Paris 7- Dani\u00e8le Brillaud\" \/>\n<meta property=\"og:description\" content=\"Psychanalyste Paris 7- Angoisse, phobies, troubles obsessionnels, d\u00e9pression, troubles alimentaires, traumatismes sexuels, harc\u00e8lement - Travail r\u00e9gulier, sur rendez-vous - Psychoth\u00e9rapeute Paris 7\" \/>\n<meta property=\"og:url\" content=\"https:\/\/danielebrillaud.fr\/\" \/>\n<meta property=\"og:site_name\" content=\"Dani\u00e8le Brillaud\" \/>\n<meta property=\"article:modified_time\" content=\"2022-01-22T15:18:40+00:00\" \/>\n<meta name=\"twitter:card\" content=\"summary_large_image\" \/>\n<meta name=\"twitter:label1\" content=\"Dur\u00e9e de lecture estim\u00e9e\" \/>\n\t<meta name=\"twitter:data1\" content=\"4 minutes\" \/>\n<script type=\"application\/ld+json\" class=\"yoast-schema-graph\">{\"@context\":\"https:\/\/schema.org\",\"@graph\":[{\"@type\":\"Organization\",\"@id\":\"https:\/\/danielebrillaud.fr\/#organization\",\"name\":\"Dani\\u00e8le Brillaud\",\"url\":\"https:\/\/danielebrillaud.fr\/\",\"sameAs\":[],\"logo\":{\"@type\":\"ImageObject\",\"@id\":\"https:\/\/danielebrillaud.fr\/#logo\",\"inLanguage\":\"fr-FR\",\"url\":\"https:\/\/danielebrillaud.fr\/wp-content\/uploads\/2020\/01\/photo.png\",\"contentUrl\":\"https:\/\/danielebrillaud.fr\/wp-content\/uploads\/2020\/01\/photo.png\",\"width\":293,\"height\":398,\"caption\":\"Dani\\u00e8le Brillaud\"},\"image\":{\"@id\":\"https:\/\/danielebrillaud.fr\/#logo\"}},{\"@type\":\"WebSite\",\"@id\":\"https:\/\/danielebrillaud.fr\/#website\",\"url\":\"https:\/\/danielebrillaud.fr\/\",\"name\":\"Dani\\u00e8le Brillaud\",\"description\":\"Psychanalyste &amp; Psychoth\\u00e9rapeute - Paris 7\",\"publisher\":{\"@id\":\"https:\/\/danielebrillaud.fr\/#organization\"},\"potentialAction\":[{\"@type\":\"SearchAction\",\"target\":{\"@type\":\"EntryPoint\",\"urlTemplate\":\"https:\/\/danielebrillaud.fr\/?s={search_term_string}\"},\"query-input\":\"required name=search_term_string\"}],\"inLanguage\":\"fr-FR\"},{\"@type\":\"WebPage\",\"@id\":\"https:\/\/danielebrillaud.fr\/#webpage\",\"url\":\"https:\/\/danielebrillaud.fr\/\",\"name\":\"Psychanalyste Paris 7- Psychoth\\u00e9rapeute Paris 7- Dani\\u00e8le Brillaud\",\"isPartOf\":{\"@id\":\"https:\/\/danielebrillaud.fr\/#website\"},\"datePublished\":\"2020-01-01T17:48:48+00:00\",\"dateModified\":\"2022-01-22T15:18:40+00:00\",\"description\":\"Psychanalyste Paris 7- Angoisse, phobies, troubles obsessionnels, d\\u00e9pression, troubles alimentaires, traumatismes sexuels, harc\\u00e8lement - Travail r\\u00e9gulier, sur rendez-vous - Psychoth\\u00e9rapeute Paris 7\",\"breadcrumb\":{\"@id\":\"https:\/\/danielebrillaud.fr\/#breadcrumb\"},\"inLanguage\":\"fr-FR\",\"potentialAction\":[{\"@type\":\"ReadAction\",\"target\":[\"https:\/\/danielebrillaud.fr\/\"]}]},{\"@type\":\"BreadcrumbList\",\"@id\":\"https:\/\/danielebrillaud.fr\/#breadcrumb\",\"itemListElement\":[{\"@type\":\"ListItem\",\"position\":1,\"name\":\"Accueil\",\"item\":\"https:\/\/danielebrillaud.fr\/\"},{\"@type\":\"ListItem\",\"position\":2,\"name\":\"Psychanalyste &#038; Psychoth\\u00e9rapeute\"}]}]}<\/script>\n<!-- \/ Yoast SEO plugin. -->","yoast_head_json":{"title":"Psychanalyste Paris 7- Psychoth\u00e9rapeute Paris 7- Dani\u00e8le Brillaud","description":"Psychanalyste Paris 7- Angoisse, phobies, troubles obsessionnels, d\u00e9pression, troubles alimentaires, traumatismes sexuels, harc\u00e8lement - Travail r\u00e9gulier, sur rendez-vous - Psychoth\u00e9rapeute Paris 7","robots":{"index":"index","follow":"follow","max-snippet":"max-snippet:-1","max-image-preview":"max-image-preview:large","max-video-preview":"max-video-preview:-1"},"canonical":"https:\/\/danielebrillaud.fr\/","og_locale":"fr_FR","og_type":"article","og_title":"Psychanalyste Paris 7- Psychoth\u00e9rapeute Paris 7- Dani\u00e8le Brillaud","og_description":"Psychanalyste Paris 7- Angoisse, phobies, troubles obsessionnels, d\u00e9pression, troubles alimentaires, traumatismes sexuels, harc\u00e8lement - Travail r\u00e9gulier, sur rendez-vous - Psychoth\u00e9rapeute Paris 7","og_url":"https:\/\/danielebrillaud.fr\/","og_site_name":"Dani\u00e8le Brillaud","article_modified_time":"2022-01-22T15:18:40+00:00","twitter_card":"summary_large_image","twitter_misc":{"Dur\u00e9e de lecture estim\u00e9e":"4 minutes"},"schema":{"@context":"https:\/\/schema.org","@graph":[{"@type":"Organization","@id":"https:\/\/danielebrillaud.fr\/#organization","name":"Dani\u00e8le Brillaud","url":"https:\/\/danielebrillaud.fr\/","sameAs":[],"logo":{"@type":"ImageObject","@id":"https:\/\/danielebrillaud.fr\/#logo","inLanguage":"fr-FR","url":"https:\/\/danielebrillaud.fr\/wp-content\/uploads\/2020\/01\/photo.png","contentUrl":"https:\/\/danielebrillaud.fr\/wp-content\/uploads\/2020\/01\/photo.png","width":293,"height":398,"caption":"Dani\u00e8le Brillaud"},"image":{"@id":"https:\/\/danielebrillaud.fr\/#logo"}},{"@type":"WebSite","@id":"https:\/\/danielebrillaud.fr\/#website","url":"https:\/\/danielebrillaud.fr\/","name":"Dani\u00e8le Brillaud","description":"Psychanalyste &amp; Psychoth\u00e9rapeute - Paris 7","publisher":{"@id":"https:\/\/danielebrillaud.fr\/#organization"},"potentialAction":[{"@type":"SearchAction","target":{"@type":"EntryPoint","urlTemplate":"https:\/\/danielebrillaud.fr\/?s={search_term_string}"},"query-input":"required name=search_term_string"}],"inLanguage":"fr-FR"},{"@type":"WebPage","@id":"https:\/\/danielebrillaud.fr\/#webpage","url":"https:\/\/danielebrillaud.fr\/","name":"Psychanalyste Paris 7- Psychoth\u00e9rapeute Paris 7- Dani\u00e8le Brillaud","isPartOf":{"@id":"https:\/\/danielebrillaud.fr\/#website"},"datePublished":"2020-01-01T17:48:48+00:00","dateModified":"2022-01-22T15:18:40+00:00","description":"Psychanalyste Paris 7- Angoisse, phobies, troubles obsessionnels, d\u00e9pression, troubles alimentaires, traumatismes sexuels, harc\u00e8lement - Travail r\u00e9gulier, sur rendez-vous - Psychoth\u00e9rapeute Paris 7","breadcrumb":{"@id":"https:\/\/danielebrillaud.fr\/#breadcrumb"},"inLanguage":"fr-FR","potentialAction":[{"@type":"ReadAction","target":["https:\/\/danielebrillaud.fr\/"]}]},{"@type":"BreadcrumbList","@id":"https:\/\/danielebrillaud.fr\/#breadcrumb","itemListElement":[{"@type":"ListItem","position":1,"name":"Accueil","item":"https:\/\/danielebrillaud.fr\/"},{"@type":"ListItem","position":2,"name":"Psychanalyste &#038; Psychoth\u00e9rapeute"}]}]}},"_links":{"self":[{"href":"https:\/\/danielebrillaud.fr\/index.php\/wp-json\/wp\/v2\/pages\/14"}],"collection":[{"href":"https:\/\/danielebrillaud.fr\/index.php\/wp-json\/wp\/v2\/pages"}],"about":[{"href":"https:\/\/danielebrillaud.fr\/index.php\/wp-json\/wp\/v2\/types\/page"}],"author":[{"embeddable":true,"href":"https:\/\/danielebrillaud.fr\/index.php\/wp-json\/wp\/v2\/users\/1"}],"replies":[{"embeddable":true,"href":"https:\/\/danielebrillaud.fr\/index.php\/wp-json\/wp\/v2\/comments?post=14"}],"version-history":[{"count":34,"href":"https:\/\/danielebrillaud.fr\/index.php\/wp-json\/wp\/v2\/pages\/14\/revisions"}],"predecessor-version":[{"id":178,"href":"https:\/\/danielebrillaud.fr\/index.php\/wp-json\/wp\/v2\/pages\/14\/revisions\/178"}],"wp:attachment":[{"href":"https:\/\/danielebrillaud.fr\/index.php\/wp-json\/wp\/v2\/media?parent=14"}],"curies":[{"name":"wp","href":"https:\/\/api.w.org\/{rel}","templated":true}]}}