{"id":20,"date":"2020-01-01T18:57:57","date_gmt":"2020-01-01T17:57:57","guid":{"rendered":"http:\/\/danielebrillaud.fr\/?page_id=20"},"modified":"2020-01-03T17:17:06","modified_gmt":"2020-01-03T16:17:06","slug":"formation","status":"publish","type":"page","link":"https:\/\/danielebrillaud.fr\/index.php\/formation\/","title":{"rendered":"Formation"},"content":{"rendered":"\n<ul><li>Psychanalyste membre de <a href=\"https:\/\/www.freud-lacan.com\" target=\"_blank\" rel=\"noreferrer noopener\" aria-label=\" (s\u2019ouvre dans un nouvel onglet)\">L&rsquo;Association Lacanienne Internationale<\/a><\/li><li>Membre de <a href=\"https:\/\/www.epsaweb.fr\" target=\"_blank\" rel=\"noreferrer noopener\" aria-label=\" (s\u2019ouvre dans un nouvel onglet)\">l&rsquo;\u00c9cole Psychanalytique de Sainte Anne<\/a> et responsable dans cette \u00c9cole d&rsquo;un S\u00e9minaire d&rsquo;Introduction \u00e0 la Psychanalyse Lacanienne <\/li><li>Doctorat de m\u00e9decine&nbsp;; CES de psychiatrie&nbsp;; ancienne interne des H\u00f4pitaux psychiatriques<\/li><li>ex Psychiatre des H\u00f4pitaux, ex praticien hospitalier.<\/li><li>Enseignante \u00e0 <a href=\"https:\/\/ephep.com\" target=\"_blank\" rel=\"noreferrer noopener\" aria-label=\" (s\u2019ouvre dans un nouvel onglet)\">l&rsquo;EPhEP<\/a> (Ecole Pratique des Hautes Etudes en Psychopathologie)<\/li><\/ul>\n","protected":false},"excerpt":{"rendered":"<p>Psychanalyste membre de L&rsquo;Association Lacanienne Internationale Membre de l&rsquo;\u00c9cole Psychanalytique de Sainte Anne et responsable dans cette \u00c9cole d&rsquo;un S\u00e9minaire d&rsquo;Introduction \u00e0 la Psychanalyse Lacanienne Doctorat de m\u00e9decine&nbsp;; CES de psychiatrie&nbsp;; ancienne interne des H\u00f4pitaux psychiatriques ex Psychiatre des H\u00f4pitaux, ex praticien hospitalier. Enseignante \u00e0 l&rsquo;EPhEP (Ecole Pratique des Hautes Etudes en Psychopathologie)<\/p>\n","protected":false},"author":1,"featured_media":0,"parent":0,"menu_order":0,"comment_status":"closed","ping_status":"closed","template":"","meta":[],"yoast_head":"<!-- This site is optimized with the Yoast SEO plugin v17.9 - https:\/\/yoast.com\/wordpress\/plugins\/seo\/ -->\n<title>Formation - Dani\u00e8le Brillaud - psychanalyste - Psychoth\u00e9rapeute<\/title>\n<meta name=\"description\" content=\"Psychanalyste - Psychoth\u00e9rapeute - Psychopathologie - Psychanalyse Lacanienne - Doctorat de m\u00e9decine - CES de psychiatrie - membre de L&#039;Association Lacanienne Internationale\" \/>\n<meta name=\"robots\" content=\"index, follow, max-snippet:-1, max-image-preview:large, max-video-preview:-1\" \/>\n<link rel=\"canonical\" href=\"https:\/\/danielebrillaud.fr\/index.php\/formation\/\" \/>\n<meta property=\"og:locale\" content=\"fr_FR\" \/>\n<meta property=\"og:type\" content=\"article\" \/>\n<meta property=\"og:title\" content=\"Formation - Dani\u00e8le Brillaud - psychanalyste - Psychoth\u00e9rapeute\" \/>\n<meta property=\"og:description\" content=\"Psychanalyste - Psychoth\u00e9rapeute - Psychopathologie - Psychanalyse Lacanienne - Doctorat de m\u00e9decine - CES de psychiatrie - membre de L&#039;Association Lacanienne Internationale\" \/>\n<meta property=\"og:url\" content=\"https:\/\/danielebrillaud.fr\/index.php\/formation\/\" \/>\n<meta property=\"og:site_name\" content=\"Dani\u00e8le Brillaud\" \/>\n<meta property=\"article:modified_time\" content=\"2020-01-03T16:17:06+00:00\" \/>\n<meta name=\"twitter:card\" content=\"summary_large_image\" \/>\n<script type=\"application\/ld+json\" class=\"yoast-schema-graph\">{\"@context\":\"https:\/\/schema.org\",\"@graph\":[{\"@type\":\"Organization\",\"@id\":\"https:\/\/danielebrillaud.fr\/#organization\",\"name\":\"Dani\\u00e8le Brillaud\",\"url\":\"https:\/\/danielebrillaud.fr\/\",\"sameAs\":[],\"logo\":{\"@type\":\"ImageObject\",\"@id\":\"https:\/\/danielebrillaud.fr\/#logo\",\"inLanguage\":\"fr-FR\",\"url\":\"https:\/\/danielebrillaud.fr\/wp-content\/uploads\/2020\/01\/photo.png\",\"contentUrl\":\"https:\/\/danielebrillaud.fr\/wp-content\/uploads\/2020\/01\/photo.png\",\"width\":293,\"height\":398,\"caption\":\"Dani\\u00e8le Brillaud\"},\"image\":{\"@id\":\"https:\/\/danielebrillaud.fr\/#logo\"}},{\"@type\":\"WebSite\",\"@id\":\"https:\/\/danielebrillaud.fr\/#website\",\"url\":\"https:\/\/danielebrillaud.fr\/\",\"name\":\"Dani\\u00e8le Brillaud\",\"description\":\"Psychanalyste &amp; Psychoth\\u00e9rapeute - Paris 7\",\"publisher\":{\"@id\":\"https:\/\/danielebrillaud.fr\/#organization\"},\"potentialAction\":[{\"@type\":\"SearchAction\",\"target\":{\"@type\":\"EntryPoint\",\"urlTemplate\":\"https:\/\/danielebrillaud.fr\/?s={search_term_string}\"},\"query-input\":\"required name=search_term_string\"}],\"inLanguage\":\"fr-FR\"},{\"@type\":\"WebPage\",\"@id\":\"https:\/\/danielebrillaud.fr\/index.php\/formation\/#webpage\",\"url\":\"https:\/\/danielebrillaud.fr\/index.php\/formation\/\",\"name\":\"Formation - Dani\\u00e8le Brillaud - psychanalyste - Psychoth\\u00e9rapeute\",\"isPartOf\":{\"@id\":\"https:\/\/danielebrillaud.fr\/#website\"},\"datePublished\":\"2020-01-01T17:57:57+00:00\",\"dateModified\":\"2020-01-03T16:17:06+00:00\",\"description\":\"Psychanalyste - Psychoth\\u00e9rapeute - Psychopathologie - Psychanalyse Lacanienne - Doctorat de m\\u00e9decine - CES de psychiatrie - membre de L'Association Lacanienne Internationale\",\"breadcrumb\":{\"@id\":\"https:\/\/danielebrillaud.fr\/index.php\/formation\/#breadcrumb\"},\"inLanguage\":\"fr-FR\",\"potentialAction\":[{\"@type\":\"ReadAction\",\"target\":[\"https:\/\/danielebrillaud.fr\/index.php\/formation\/\"]}]},{\"@type\":\"BreadcrumbList\",\"@id\":\"https:\/\/danielebrillaud.fr\/index.php\/formation\/#breadcrumb\",\"itemListElement\":[{\"@type\":\"ListItem\",\"position\":1,\"name\":\"Accueil\",\"item\":\"https:\/\/danielebrillaud.fr\/\"},{\"@type\":\"ListItem\",\"position\":2,\"name\":\"Formation\"}]}]}<\/script>\n<!-- \/ Yoast SEO plugin. -->","yoast_head_json":{"title":"Formation - Dani\u00e8le Brillaud - psychanalyste - Psychoth\u00e9rapeute","description":"Psychanalyste - Psychoth\u00e9rapeute - Psychopathologie - Psychanalyse Lacanienne - Doctorat de m\u00e9decine - CES de psychiatrie - membre de L'Association Lacanienne Internationale","robots":{"index":"index","follow":"follow","max-snippet":"max-snippet:-1","max-image-preview":"max-image-preview:large","max-video-preview":"max-video-preview:-1"},"canonical":"https:\/\/danielebrillaud.fr\/index.php\/formation\/","og_locale":"fr_FR","og_type":"article","og_title":"Formation - Dani\u00e8le Brillaud - psychanalyste - Psychoth\u00e9rapeute","og_description":"Psychanalyste - Psychoth\u00e9rapeute - Psychopathologie - Psychanalyse Lacanienne - Doctorat de m\u00e9decine - CES de psychiatrie - membre de L'Association Lacanienne Internationale","og_url":"https:\/\/danielebrillaud.fr\/index.php\/formation\/","og_site_name":"Dani\u00e8le Brillaud","article_modified_time":"2020-01-03T16:17:06+00:00","twitter_card":"summary_large_image","schema":{"@context":"https:\/\/schema.org","@graph":[{"@type":"Organization","@id":"https:\/\/danielebrillaud.fr\/#organization","name":"Dani\u00e8le Brillaud","url":"https:\/\/danielebrillaud.fr\/","sameAs":[],"logo":{"@type":"ImageObject","@id":"https:\/\/danielebrillaud.fr\/#logo","inLanguage":"fr-FR","url":"https:\/\/danielebrillaud.fr\/wp-content\/uploads\/2020\/01\/photo.png","contentUrl":"https:\/\/danielebrillaud.fr\/wp-content\/uploads\/2020\/01\/photo.png","width":293,"height":398,"caption":"Dani\u00e8le Brillaud"},"image":{"@id":"https:\/\/danielebrillaud.fr\/#logo"}},{"@type":"WebSite","@id":"https:\/\/danielebrillaud.fr\/#website","url":"https:\/\/danielebrillaud.fr\/","name":"Dani\u00e8le Brillaud","description":"Psychanalyste &amp; Psychoth\u00e9rapeute - Paris 7","publisher":{"@id":"https:\/\/danielebrillaud.fr\/#organization"},"potentialAction":[{"@type":"SearchAction","target":{"@type":"EntryPoint","urlTemplate":"https:\/\/danielebrillaud.fr\/?s={search_term_string}"},"query-input":"required name=search_term_string"}],"inLanguage":"fr-FR"},{"@type":"WebPage","@id":"https:\/\/danielebrillaud.fr\/index.php\/formation\/#webpage","url":"https:\/\/danielebrillaud.fr\/index.php\/formation\/","name":"Formation - Dani\u00e8le Brillaud - psychanalyste - Psychoth\u00e9rapeute","isPartOf":{"@id":"https:\/\/danielebrillaud.fr\/#website"},"datePublished":"2020-01-01T17:57:57+00:00","dateModified":"2020-01-03T16:17:06+00:00","description":"Psychanalyste - Psychoth\u00e9rapeute - Psychopathologie - Psychanalyse Lacanienne - Doctorat de m\u00e9decine - CES de psychiatrie - membre de L'Association Lacanienne Internationale","breadcrumb":{"@id":"https:\/\/danielebrillaud.fr\/index.php\/formation\/#breadcrumb"},"inLanguage":"fr-FR","potentialAction":[{"@type":"ReadAction","target":["https:\/\/danielebrillaud.fr\/index.php\/formation\/"]}]},{"@type":"BreadcrumbList","@id":"https:\/\/danielebrillaud.fr\/index.php\/formation\/#breadcrumb","itemListElement":[{"@type":"ListItem","position":1,"name":"Accueil","item":"https:\/\/danielebrillaud.fr\/"},{"@type":"ListItem","position":2,"name":"Formation"}]}]}},"_links":{"self":[{"href":"https:\/\/danielebrillaud.fr\/index.php\/wp-json\/wp\/v2\/pages\/20"}],"collection":[{"href":"https:\/\/danielebrillaud.fr\/index.php\/wp-json\/wp\/v2\/pages"}],"about":[{"href":"https:\/\/danielebrillaud.fr\/index.php\/wp-json\/wp\/v2\/types\/page"}],"author":[{"embeddable":true,"href":"https:\/\/danielebrillaud.fr\/index.php\/wp-json\/wp\/v2\/users\/1"}],"replies":[{"embeddable":true,"href":"https:\/\/danielebrillaud.fr\/index.php\/wp-json\/wp\/v2\/comments?post=20"}],"version-history":[{"count":6,"href":"https:\/\/danielebrillaud.fr\/index.php\/wp-json\/wp\/v2\/pages\/20\/revisions"}],"predecessor-version":[{"id":77,"href":"https:\/\/danielebrillaud.fr\/index.php\/wp-json\/wp\/v2\/pages\/20\/revisions\/77"}],"wp:attachment":[{"href":"https:\/\/danielebrillaud.fr\/index.php\/wp-json\/wp\/v2\/media?parent=20"}],"curies":[{"name":"wp","href":"https:\/\/api.w.org\/{rel}","templated":true}]}}