{"id":27,"date":"2020-01-01T19:10:06","date_gmt":"2020-01-01T18:10:06","guid":{"rendered":"http:\/\/danielebrillaud.fr\/?page_id=27"},"modified":"2020-01-03T17:24:11","modified_gmt":"2020-01-03T16:24:11","slug":"fonctions-denseignement","status":"publish","type":"page","link":"https:\/\/danielebrillaud.fr\/index.php\/fonctions-denseignement\/","title":{"rendered":"Fonctions d&rsquo;enseignement"},"content":{"rendered":"\n<p>De <strong>1998 \u00e0 2014&nbsp;<\/strong>: organisation et tenue d\u2019un s\u00e9minaire d\u2019enseignement de la psychanalyse lacanienne, \u00e0 partir de cas cliniques, deux fois par mois, dans le cadre de l\u2019Ecole Psychanalytique de Sainte Anne. <strong>https:\/\/www. espaweb.fr<\/strong><br>Et de l\u2019Association lacanienne Internationale https:\/\/www.freud-lacan.com<\/p>\n\n\n\n<p><strong>2012- 2019&nbsp;<\/strong>: enseignante \u00e0 l\u2019\u00c9cole Pratique des Hautes Etudes en Psychopathologie <br>( EPhEP ) <\/p>\n\n\n\n<p><strong>Novembre 2014<\/strong>&nbsp;: S\u00e9minaire d\u2019enseignement \u00e0\nSantiago du Chili sur les concepts fondamentaux de la clinique lacanienne.<\/p>\n\n\n\n<p><strong>20-24 Octobre 2019&nbsp;: <\/strong>S\u00e9minaire d\u2019enseignement \u00e0 Santiago du Chili sur la classification des structures subjectives. <br>Intervention sur \u00ab&nbsp; Psychanalyse et \u00e9cologie&nbsp;\u00bb <br>Organis\u00e9 par&nbsp;:&nbsp; Fundaci\u00f3n Grupo Psychoanal\u00edtico Plus (<strong><a href=\"http:\/\/www.grupoplus.cl\ufeff\">www.grupoplus.cl<\/a><\/strong> )<\/p>\n","protected":false},"excerpt":{"rendered":"<p>De 1998 \u00e0 2014&nbsp;: organisation et tenue d\u2019un s\u00e9minaire d\u2019enseignement de la psychanalyse lacanienne, \u00e0 partir de cas cliniques, deux fois par mois, dans le cadre de l\u2019Ecole Psychanalytique de Sainte Anne. https:\/\/www. espaweb.frEt de l\u2019Association lacanienne Internationale https:\/\/www.freud-lacan.com 2012- 2019&nbsp;: enseignante \u00e0 l\u2019\u00c9cole Pratique des Hautes Etudes en Psychopathologie ( EPhEP ) Novembre 2014&nbsp;: [&hellip;]<\/p>\n","protected":false},"author":1,"featured_media":0,"parent":0,"menu_order":0,"comment_status":"closed","ping_status":"closed","template":"","meta":[],"yoast_head":"<!-- This site is optimized with the Yoast SEO plugin v17.9 - https:\/\/yoast.com\/wordpress\/plugins\/seo\/ -->\n<title>Fonctions d&#039;enseignement - Dani\u00e8le Brillaud - S\u00e9minaires<\/title>\n<meta name=\"description\" content=\"S\u00e9minaires : Enseignement de la psychanalyse lacanienne - Concepts fondamentaux de la clinique lacanienne - classification des structures subjectives\" \/>\n<meta name=\"robots\" content=\"index, follow, max-snippet:-1, max-image-preview:large, max-video-preview:-1\" \/>\n<link rel=\"canonical\" href=\"https:\/\/danielebrillaud.fr\/index.php\/fonctions-denseignement\/\" \/>\n<meta property=\"og:locale\" content=\"fr_FR\" \/>\n<meta property=\"og:type\" content=\"article\" \/>\n<meta property=\"og:title\" content=\"Fonctions d&#039;enseignement - Dani\u00e8le Brillaud - S\u00e9minaires\" \/>\n<meta property=\"og:description\" content=\"S\u00e9minaires : Enseignement de la psychanalyse lacanienne - Concepts fondamentaux de la clinique lacanienne - classification des structures subjectives\" \/>\n<meta property=\"og:url\" content=\"https:\/\/danielebrillaud.fr\/index.php\/fonctions-denseignement\/\" \/>\n<meta property=\"og:site_name\" content=\"Dani\u00e8le Brillaud\" \/>\n<meta property=\"article:modified_time\" content=\"2020-01-03T16:24:11+00:00\" \/>\n<meta name=\"twitter:card\" content=\"summary_large_image\" \/>\n<meta name=\"twitter:label1\" content=\"Dur\u00e9e de lecture estim\u00e9e\" \/>\n\t<meta name=\"twitter:data1\" content=\"1 minute\" \/>\n<script type=\"application\/ld+json\" class=\"yoast-schema-graph\">{\"@context\":\"https:\/\/schema.org\",\"@graph\":[{\"@type\":\"Organization\",\"@id\":\"https:\/\/danielebrillaud.fr\/#organization\",\"name\":\"Dani\\u00e8le Brillaud\",\"url\":\"https:\/\/danielebrillaud.fr\/\",\"sameAs\":[],\"logo\":{\"@type\":\"ImageObject\",\"@id\":\"https:\/\/danielebrillaud.fr\/#logo\",\"inLanguage\":\"fr-FR\",\"url\":\"https:\/\/danielebrillaud.fr\/wp-content\/uploads\/2020\/01\/photo.png\",\"contentUrl\":\"https:\/\/danielebrillaud.fr\/wp-content\/uploads\/2020\/01\/photo.png\",\"width\":293,\"height\":398,\"caption\":\"Dani\\u00e8le Brillaud\"},\"image\":{\"@id\":\"https:\/\/danielebrillaud.fr\/#logo\"}},{\"@type\":\"WebSite\",\"@id\":\"https:\/\/danielebrillaud.fr\/#website\",\"url\":\"https:\/\/danielebrillaud.fr\/\",\"name\":\"Dani\\u00e8le Brillaud\",\"description\":\"Psychanalyste &amp; Psychoth\\u00e9rapeute - Paris 7\",\"publisher\":{\"@id\":\"https:\/\/danielebrillaud.fr\/#organization\"},\"potentialAction\":[{\"@type\":\"SearchAction\",\"target\":{\"@type\":\"EntryPoint\",\"urlTemplate\":\"https:\/\/danielebrillaud.fr\/?s={search_term_string}\"},\"query-input\":\"required name=search_term_string\"}],\"inLanguage\":\"fr-FR\"},{\"@type\":\"WebPage\",\"@id\":\"https:\/\/danielebrillaud.fr\/index.php\/fonctions-denseignement\/#webpage\",\"url\":\"https:\/\/danielebrillaud.fr\/index.php\/fonctions-denseignement\/\",\"name\":\"Fonctions d'enseignement - Dani\\u00e8le Brillaud - S\\u00e9minaires\",\"isPartOf\":{\"@id\":\"https:\/\/danielebrillaud.fr\/#website\"},\"datePublished\":\"2020-01-01T18:10:06+00:00\",\"dateModified\":\"2020-01-03T16:24:11+00:00\",\"description\":\"S\\u00e9minaires : Enseignement de la psychanalyse lacanienne - Concepts fondamentaux de la clinique lacanienne - classification des structures subjectives\",\"breadcrumb\":{\"@id\":\"https:\/\/danielebrillaud.fr\/index.php\/fonctions-denseignement\/#breadcrumb\"},\"inLanguage\":\"fr-FR\",\"potentialAction\":[{\"@type\":\"ReadAction\",\"target\":[\"https:\/\/danielebrillaud.fr\/index.php\/fonctions-denseignement\/\"]}]},{\"@type\":\"BreadcrumbList\",\"@id\":\"https:\/\/danielebrillaud.fr\/index.php\/fonctions-denseignement\/#breadcrumb\",\"itemListElement\":[{\"@type\":\"ListItem\",\"position\":1,\"name\":\"Accueil\",\"item\":\"https:\/\/danielebrillaud.fr\/\"},{\"@type\":\"ListItem\",\"position\":2,\"name\":\"Fonctions d&rsquo;enseignement\"}]}]}<\/script>\n<!-- \/ Yoast SEO plugin. -->","yoast_head_json":{"title":"Fonctions d'enseignement - Dani\u00e8le Brillaud - S\u00e9minaires","description":"S\u00e9minaires : Enseignement de la psychanalyse lacanienne - Concepts fondamentaux de la clinique lacanienne - classification des structures subjectives","robots":{"index":"index","follow":"follow","max-snippet":"max-snippet:-1","max-image-preview":"max-image-preview:large","max-video-preview":"max-video-preview:-1"},"canonical":"https:\/\/danielebrillaud.fr\/index.php\/fonctions-denseignement\/","og_locale":"fr_FR","og_type":"article","og_title":"Fonctions d'enseignement - Dani\u00e8le Brillaud - S\u00e9minaires","og_description":"S\u00e9minaires : Enseignement de la psychanalyse lacanienne - Concepts fondamentaux de la clinique lacanienne - classification des structures subjectives","og_url":"https:\/\/danielebrillaud.fr\/index.php\/fonctions-denseignement\/","og_site_name":"Dani\u00e8le Brillaud","article_modified_time":"2020-01-03T16:24:11+00:00","twitter_card":"summary_large_image","twitter_misc":{"Dur\u00e9e de lecture estim\u00e9e":"1 minute"},"schema":{"@context":"https:\/\/schema.org","@graph":[{"@type":"Organization","@id":"https:\/\/danielebrillaud.fr\/#organization","name":"Dani\u00e8le Brillaud","url":"https:\/\/danielebrillaud.fr\/","sameAs":[],"logo":{"@type":"ImageObject","@id":"https:\/\/danielebrillaud.fr\/#logo","inLanguage":"fr-FR","url":"https:\/\/danielebrillaud.fr\/wp-content\/uploads\/2020\/01\/photo.png","contentUrl":"https:\/\/danielebrillaud.fr\/wp-content\/uploads\/2020\/01\/photo.png","width":293,"height":398,"caption":"Dani\u00e8le Brillaud"},"image":{"@id":"https:\/\/danielebrillaud.fr\/#logo"}},{"@type":"WebSite","@id":"https:\/\/danielebrillaud.fr\/#website","url":"https:\/\/danielebrillaud.fr\/","name":"Dani\u00e8le Brillaud","description":"Psychanalyste &amp; Psychoth\u00e9rapeute - Paris 7","publisher":{"@id":"https:\/\/danielebrillaud.fr\/#organization"},"potentialAction":[{"@type":"SearchAction","target":{"@type":"EntryPoint","urlTemplate":"https:\/\/danielebrillaud.fr\/?s={search_term_string}"},"query-input":"required name=search_term_string"}],"inLanguage":"fr-FR"},{"@type":"WebPage","@id":"https:\/\/danielebrillaud.fr\/index.php\/fonctions-denseignement\/#webpage","url":"https:\/\/danielebrillaud.fr\/index.php\/fonctions-denseignement\/","name":"Fonctions d'enseignement - Dani\u00e8le Brillaud - S\u00e9minaires","isPartOf":{"@id":"https:\/\/danielebrillaud.fr\/#website"},"datePublished":"2020-01-01T18:10:06+00:00","dateModified":"2020-01-03T16:24:11+00:00","description":"S\u00e9minaires : Enseignement de la psychanalyse lacanienne - Concepts fondamentaux de la clinique lacanienne - classification des structures subjectives","breadcrumb":{"@id":"https:\/\/danielebrillaud.fr\/index.php\/fonctions-denseignement\/#breadcrumb"},"inLanguage":"fr-FR","potentialAction":[{"@type":"ReadAction","target":["https:\/\/danielebrillaud.fr\/index.php\/fonctions-denseignement\/"]}]},{"@type":"BreadcrumbList","@id":"https:\/\/danielebrillaud.fr\/index.php\/fonctions-denseignement\/#breadcrumb","itemListElement":[{"@type":"ListItem","position":1,"name":"Accueil","item":"https:\/\/danielebrillaud.fr\/"},{"@type":"ListItem","position":2,"name":"Fonctions d&rsquo;enseignement"}]}]}},"_links":{"self":[{"href":"https:\/\/danielebrillaud.fr\/index.php\/wp-json\/wp\/v2\/pages\/27"}],"collection":[{"href":"https:\/\/danielebrillaud.fr\/index.php\/wp-json\/wp\/v2\/pages"}],"about":[{"href":"https:\/\/danielebrillaud.fr\/index.php\/wp-json\/wp\/v2\/types\/page"}],"author":[{"embeddable":true,"href":"https:\/\/danielebrillaud.fr\/index.php\/wp-json\/wp\/v2\/users\/1"}],"replies":[{"embeddable":true,"href":"https:\/\/danielebrillaud.fr\/index.php\/wp-json\/wp\/v2\/comments?post=27"}],"version-history":[{"count":2,"href":"https:\/\/danielebrillaud.fr\/index.php\/wp-json\/wp\/v2\/pages\/27\/revisions"}],"predecessor-version":[{"id":78,"href":"https:\/\/danielebrillaud.fr\/index.php\/wp-json\/wp\/v2\/pages\/27\/revisions\/78"}],"wp:attachment":[{"href":"https:\/\/danielebrillaud.fr\/index.php\/wp-json\/wp\/v2\/media?parent=27"}],"curies":[{"name":"wp","href":"https:\/\/api.w.org\/{rel}","templated":true}]}}