{"id":30,"date":"2020-01-01T19:14:46","date_gmt":"2020-01-01T18:14:46","guid":{"rendered":"http:\/\/danielebrillaud.fr\/?page_id=30"},"modified":"2021-12-18T09:56:09","modified_gmt":"2021-12-18T08:56:09","slug":"psychanalyste-psychotherapeute-paris-le-cabinet","status":"publish","type":"page","link":"https:\/\/danielebrillaud.fr\/index.php\/psychanalyste-psychotherapeute-paris-le-cabinet\/","title":{"rendered":"Le cabinet"},"content":{"rendered":"\n<div class=\"wp-block-columns\">\n<div class=\"wp-block-column\" style=\"flex-basis:66.66%\">\n<p><br>Dani\u00e8le Brillaud, Psychanalyste Paris 7<br> 3 avenue Daniel Lesueur<br> 75007 PARIS<br> Tel: 06 13 84 29 07<br> Mail: danielebrillaud@sfr.fr<\/p>\n<\/div>\n\n\n\n<div class=\"wp-block-column\" style=\"flex-basis:33.33%\">\n<figure class=\"wp-block-image size-medium is-resized is-style-circle-mask\"><img loading=\"lazy\" src=\"https:\/\/danielebrillaud.fr\/wp-content\/uploads\/2020\/01\/photo2020-e1579195713937-233x300.jpeg\" alt=\"\" class=\"wp-image-104\" width=\"175\" height=\"225\" srcset=\"https:\/\/danielebrillaud.fr\/wp-content\/uploads\/2020\/01\/photo2020-e1579195713937-233x300.jpeg 233w, https:\/\/danielebrillaud.fr\/wp-content\/uploads\/2020\/01\/photo2020-e1579195713937-676x869.jpeg 676w, https:\/\/danielebrillaud.fr\/wp-content\/uploads\/2020\/01\/photo2020-e1579195713937.jpeg 764w\" sizes=\"(max-width: 175px) 100vw, 175px\" \/><\/figure>\n<\/div>\n<\/div>\n\n\n\n<figure class=\"wp-block-image size-large\"><a href=\"https:\/\/goo.gl\/maps\/sjbGhos3KbiasjHz5\"><img loading=\"lazy\" width=\"727\" height=\"680\" src=\"https:\/\/danielebrillaud.fr\/wp-content\/uploads\/2020\/07\/Plan_Lesueur.png\" alt=\"\" class=\"wp-image-146\" srcset=\"https:\/\/danielebrillaud.fr\/wp-content\/uploads\/2020\/07\/Plan_Lesueur.png 727w, https:\/\/danielebrillaud.fr\/wp-content\/uploads\/2020\/07\/Plan_Lesueur-300x281.png 300w, https:\/\/danielebrillaud.fr\/wp-content\/uploads\/2020\/07\/Plan_Lesueur-676x632.png 676w\" sizes=\"(max-width: 727px) 100vw, 727px\" \/><\/a><figcaption><a href=\"https:\/\/goo.gl\/maps\/sjbGhos3KbiasjHz5\">Plan d&rsquo;acc\u00e8s<\/a><\/figcaption><\/figure>\n\n\n\n<figure class=\"wp-block-image size-large\"><img loading=\"lazy\" width=\"1024\" height=\"768\" src=\"https:\/\/danielebrillaud.fr\/wp-content\/uploads\/2021\/12\/cabinet-1024x768.jpg\" alt=\"\" class=\"wp-image-162\" srcset=\"https:\/\/danielebrillaud.fr\/wp-content\/uploads\/2021\/12\/cabinet-1024x768.jpg 1024w, https:\/\/danielebrillaud.fr\/wp-content\/uploads\/2021\/12\/cabinet-300x225.jpg 300w, https:\/\/danielebrillaud.fr\/wp-content\/uploads\/2021\/12\/cabinet-768x576.jpg 768w, https:\/\/danielebrillaud.fr\/wp-content\/uploads\/2021\/12\/cabinet-1536x1152.jpg 1536w, https:\/\/danielebrillaud.fr\/wp-content\/uploads\/2021\/12\/cabinet-2048x1536.jpg 2048w, https:\/\/danielebrillaud.fr\/wp-content\/uploads\/2021\/12\/cabinet-676x507.jpg 676w\" sizes=\"(max-width: 1024px) 100vw, 1024px\" \/><figcaption>Le cabinet de consultation<\/figcaption><\/figure>\n\n\n\n<figure class=\"wp-block-image size-large\"><img loading=\"lazy\" width=\"768\" height=\"1024\" src=\"https:\/\/danielebrillaud.fr\/wp-content\/uploads\/2021\/12\/salle-dattente-768x1024.jpg\" alt=\"\" class=\"wp-image-161\" srcset=\"https:\/\/danielebrillaud.fr\/wp-content\/uploads\/2021\/12\/salle-dattente-768x1024.jpg 768w, https:\/\/danielebrillaud.fr\/wp-content\/uploads\/2021\/12\/salle-dattente-225x300.jpg 225w, https:\/\/danielebrillaud.fr\/wp-content\/uploads\/2021\/12\/salle-dattente-1152x1536.jpg 1152w, https:\/\/danielebrillaud.fr\/wp-content\/uploads\/2021\/12\/salle-dattente-1536x2048.jpg 1536w, https:\/\/danielebrillaud.fr\/wp-content\/uploads\/2021\/12\/salle-dattente-676x901.jpg 676w, https:\/\/danielebrillaud.fr\/wp-content\/uploads\/2021\/12\/salle-dattente-scaled.jpg 1920w\" sizes=\"(max-width: 768px) 100vw, 768px\" \/><figcaption>La salle d&rsquo;attente<\/figcaption><\/figure>\n","protected":false},"excerpt":{"rendered":"<p>Dani\u00e8le Brillaud, Psychanalyste Paris 7 3 avenue Daniel Lesueur 75007 PARIS Tel: 06 13 84 29 07 Mail: danielebrillaud@sfr.fr<\/p>\n","protected":false},"author":1,"featured_media":0,"parent":0,"menu_order":0,"comment_status":"closed","ping_status":"closed","template":"template-nosidebar.php","meta":[],"yoast_head":"<!-- This site is optimized with the Yoast SEO plugin v17.9 - https:\/\/yoast.com\/wordpress\/plugins\/seo\/ -->\n<title>Psychanalyste Paris 7- Dani\u00e8le Brillaud - Le cabinet<\/title>\n<meta name=\"description\" content=\"Psychanalyste Paris 7- Psychoth\u00e9rapeute Paris 7- Pour jeunes \u00e0 partir de 18 ans, adultes et seniors - Sur rendez-vous\" \/>\n<meta name=\"robots\" content=\"index, follow, max-snippet:-1, max-image-preview:large, max-video-preview:-1\" \/>\n<link rel=\"canonical\" href=\"https:\/\/danielebrillaud.fr\/index.php\/psychanalyste-psychotherapeute-paris-le-cabinet\/\" \/>\n<meta property=\"og:locale\" content=\"fr_FR\" \/>\n<meta property=\"og:type\" content=\"article\" \/>\n<meta property=\"og:title\" content=\"Psychanalyste Paris 7- Dani\u00e8le Brillaud - Le cabinet\" \/>\n<meta property=\"og:description\" content=\"Psychanalyste Paris 7- Psychoth\u00e9rapeute Paris 7- Pour jeunes \u00e0 partir de 18 ans, adultes et seniors - Sur rendez-vous\" \/>\n<meta property=\"og:url\" content=\"https:\/\/danielebrillaud.fr\/index.php\/psychanalyste-psychotherapeute-paris-le-cabinet\/\" \/>\n<meta property=\"og:site_name\" content=\"Dani\u00e8le Brillaud\" \/>\n<meta property=\"article:modified_time\" content=\"2021-12-18T08:56:09+00:00\" \/>\n<meta property=\"og:image\" content=\"https:\/\/danielebrillaud.fr\/wp-content\/uploads\/2020\/01\/photo2020-e1579195713937-233x300.jpeg\" \/>\n<meta name=\"twitter:card\" content=\"summary_large_image\" \/>\n<script type=\"application\/ld+json\" class=\"yoast-schema-graph\">{\"@context\":\"https:\/\/schema.org\",\"@graph\":[{\"@type\":\"Organization\",\"@id\":\"https:\/\/danielebrillaud.fr\/#organization\",\"name\":\"Dani\\u00e8le Brillaud\",\"url\":\"https:\/\/danielebrillaud.fr\/\",\"sameAs\":[],\"logo\":{\"@type\":\"ImageObject\",\"@id\":\"https:\/\/danielebrillaud.fr\/#logo\",\"inLanguage\":\"fr-FR\",\"url\":\"https:\/\/danielebrillaud.fr\/wp-content\/uploads\/2020\/01\/photo.png\",\"contentUrl\":\"https:\/\/danielebrillaud.fr\/wp-content\/uploads\/2020\/01\/photo.png\",\"width\":293,\"height\":398,\"caption\":\"Dani\\u00e8le Brillaud\"},\"image\":{\"@id\":\"https:\/\/danielebrillaud.fr\/#logo\"}},{\"@type\":\"WebSite\",\"@id\":\"https:\/\/danielebrillaud.fr\/#website\",\"url\":\"https:\/\/danielebrillaud.fr\/\",\"name\":\"Dani\\u00e8le Brillaud\",\"description\":\"Psychanalyste &amp; Psychoth\\u00e9rapeute - Paris 7\",\"publisher\":{\"@id\":\"https:\/\/danielebrillaud.fr\/#organization\"},\"potentialAction\":[{\"@type\":\"SearchAction\",\"target\":{\"@type\":\"EntryPoint\",\"urlTemplate\":\"https:\/\/danielebrillaud.fr\/?s={search_term_string}\"},\"query-input\":\"required name=search_term_string\"}],\"inLanguage\":\"fr-FR\"},{\"@type\":\"ImageObject\",\"@id\":\"https:\/\/danielebrillaud.fr\/index.php\/psychanalyste-psychotherapeute-paris-le-cabinet\/#primaryimage\",\"inLanguage\":\"fr-FR\",\"url\":\"https:\/\/danielebrillaud.fr\/wp-content\/uploads\/2020\/01\/photo2020-e1579195713937.jpeg\",\"contentUrl\":\"https:\/\/danielebrillaud.fr\/wp-content\/uploads\/2020\/01\/photo2020-e1579195713937.jpeg\",\"width\":764,\"height\":982,\"caption\":\"Dani\\u00e8le Brillaud - Psychanalyste Paris 15\"},{\"@type\":\"WebPage\",\"@id\":\"https:\/\/danielebrillaud.fr\/index.php\/psychanalyste-psychotherapeute-paris-le-cabinet\/#webpage\",\"url\":\"https:\/\/danielebrillaud.fr\/index.php\/psychanalyste-psychotherapeute-paris-le-cabinet\/\",\"name\":\"Psychanalyste Paris 7- Dani\\u00e8le Brillaud - Le cabinet\",\"isPartOf\":{\"@id\":\"https:\/\/danielebrillaud.fr\/#website\"},\"primaryImageOfPage\":{\"@id\":\"https:\/\/danielebrillaud.fr\/index.php\/psychanalyste-psychotherapeute-paris-le-cabinet\/#primaryimage\"},\"datePublished\":\"2020-01-01T18:14:46+00:00\",\"dateModified\":\"2021-12-18T08:56:09+00:00\",\"description\":\"Psychanalyste Paris 7- Psychoth\\u00e9rapeute Paris 7- Pour jeunes \\u00e0 partir de 18 ans, adultes et seniors - Sur rendez-vous\",\"breadcrumb\":{\"@id\":\"https:\/\/danielebrillaud.fr\/index.php\/psychanalyste-psychotherapeute-paris-le-cabinet\/#breadcrumb\"},\"inLanguage\":\"fr-FR\",\"potentialAction\":[{\"@type\":\"ReadAction\",\"target\":[\"https:\/\/danielebrillaud.fr\/index.php\/psychanalyste-psychotherapeute-paris-le-cabinet\/\"]}]},{\"@type\":\"BreadcrumbList\",\"@id\":\"https:\/\/danielebrillaud.fr\/index.php\/psychanalyste-psychotherapeute-paris-le-cabinet\/#breadcrumb\",\"itemListElement\":[{\"@type\":\"ListItem\",\"position\":1,\"name\":\"Accueil\",\"item\":\"https:\/\/danielebrillaud.fr\/\"},{\"@type\":\"ListItem\",\"position\":2,\"name\":\"Le cabinet\"}]}]}<\/script>\n<!-- \/ Yoast SEO plugin. -->","yoast_head_json":{"title":"Psychanalyste Paris 7- Dani\u00e8le Brillaud - Le cabinet","description":"Psychanalyste Paris 7- Psychoth\u00e9rapeute Paris 7- Pour jeunes \u00e0 partir de 18 ans, adultes et seniors - Sur rendez-vous","robots":{"index":"index","follow":"follow","max-snippet":"max-snippet:-1","max-image-preview":"max-image-preview:large","max-video-preview":"max-video-preview:-1"},"canonical":"https:\/\/danielebrillaud.fr\/index.php\/psychanalyste-psychotherapeute-paris-le-cabinet\/","og_locale":"fr_FR","og_type":"article","og_title":"Psychanalyste Paris 7- Dani\u00e8le Brillaud - Le cabinet","og_description":"Psychanalyste Paris 7- Psychoth\u00e9rapeute Paris 7- Pour jeunes \u00e0 partir de 18 ans, adultes et seniors - Sur rendez-vous","og_url":"https:\/\/danielebrillaud.fr\/index.php\/psychanalyste-psychotherapeute-paris-le-cabinet\/","og_site_name":"Dani\u00e8le Brillaud","article_modified_time":"2021-12-18T08:56:09+00:00","og_image":[{"url":"https:\/\/danielebrillaud.fr\/wp-content\/uploads\/2020\/01\/photo2020-e1579195713937-233x300.jpeg"}],"twitter_card":"summary_large_image","schema":{"@context":"https:\/\/schema.org","@graph":[{"@type":"Organization","@id":"https:\/\/danielebrillaud.fr\/#organization","name":"Dani\u00e8le Brillaud","url":"https:\/\/danielebrillaud.fr\/","sameAs":[],"logo":{"@type":"ImageObject","@id":"https:\/\/danielebrillaud.fr\/#logo","inLanguage":"fr-FR","url":"https:\/\/danielebrillaud.fr\/wp-content\/uploads\/2020\/01\/photo.png","contentUrl":"https:\/\/danielebrillaud.fr\/wp-content\/uploads\/2020\/01\/photo.png","width":293,"height":398,"caption":"Dani\u00e8le Brillaud"},"image":{"@id":"https:\/\/danielebrillaud.fr\/#logo"}},{"@type":"WebSite","@id":"https:\/\/danielebrillaud.fr\/#website","url":"https:\/\/danielebrillaud.fr\/","name":"Dani\u00e8le Brillaud","description":"Psychanalyste &amp; Psychoth\u00e9rapeute - Paris 7","publisher":{"@id":"https:\/\/danielebrillaud.fr\/#organization"},"potentialAction":[{"@type":"SearchAction","target":{"@type":"EntryPoint","urlTemplate":"https:\/\/danielebrillaud.fr\/?s={search_term_string}"},"query-input":"required name=search_term_string"}],"inLanguage":"fr-FR"},{"@type":"ImageObject","@id":"https:\/\/danielebrillaud.fr\/index.php\/psychanalyste-psychotherapeute-paris-le-cabinet\/#primaryimage","inLanguage":"fr-FR","url":"https:\/\/danielebrillaud.fr\/wp-content\/uploads\/2020\/01\/photo2020-e1579195713937.jpeg","contentUrl":"https:\/\/danielebrillaud.fr\/wp-content\/uploads\/2020\/01\/photo2020-e1579195713937.jpeg","width":764,"height":982,"caption":"Dani\u00e8le Brillaud - Psychanalyste Paris 15"},{"@type":"WebPage","@id":"https:\/\/danielebrillaud.fr\/index.php\/psychanalyste-psychotherapeute-paris-le-cabinet\/#webpage","url":"https:\/\/danielebrillaud.fr\/index.php\/psychanalyste-psychotherapeute-paris-le-cabinet\/","name":"Psychanalyste Paris 7- Dani\u00e8le Brillaud - Le cabinet","isPartOf":{"@id":"https:\/\/danielebrillaud.fr\/#website"},"primaryImageOfPage":{"@id":"https:\/\/danielebrillaud.fr\/index.php\/psychanalyste-psychotherapeute-paris-le-cabinet\/#primaryimage"},"datePublished":"2020-01-01T18:14:46+00:00","dateModified":"2021-12-18T08:56:09+00:00","description":"Psychanalyste Paris 7- Psychoth\u00e9rapeute Paris 7- Pour jeunes \u00e0 partir de 18 ans, adultes et seniors - Sur rendez-vous","breadcrumb":{"@id":"https:\/\/danielebrillaud.fr\/index.php\/psychanalyste-psychotherapeute-paris-le-cabinet\/#breadcrumb"},"inLanguage":"fr-FR","potentialAction":[{"@type":"ReadAction","target":["https:\/\/danielebrillaud.fr\/index.php\/psychanalyste-psychotherapeute-paris-le-cabinet\/"]}]},{"@type":"BreadcrumbList","@id":"https:\/\/danielebrillaud.fr\/index.php\/psychanalyste-psychotherapeute-paris-le-cabinet\/#breadcrumb","itemListElement":[{"@type":"ListItem","position":1,"name":"Accueil","item":"https:\/\/danielebrillaud.fr\/"},{"@type":"ListItem","position":2,"name":"Le cabinet"}]}]}},"_links":{"self":[{"href":"https:\/\/danielebrillaud.fr\/index.php\/wp-json\/wp\/v2\/pages\/30"}],"collection":[{"href":"https:\/\/danielebrillaud.fr\/index.php\/wp-json\/wp\/v2\/pages"}],"about":[{"href":"https:\/\/danielebrillaud.fr\/index.php\/wp-json\/wp\/v2\/types\/page"}],"author":[{"embeddable":true,"href":"https:\/\/danielebrillaud.fr\/index.php\/wp-json\/wp\/v2\/users\/1"}],"replies":[{"embeddable":true,"href":"https:\/\/danielebrillaud.fr\/index.php\/wp-json\/wp\/v2\/comments?post=30"}],"version-history":[{"count":22,"href":"https:\/\/danielebrillaud.fr\/index.php\/wp-json\/wp\/v2\/pages\/30\/revisions"}],"predecessor-version":[{"id":164,"href":"https:\/\/danielebrillaud.fr\/index.php\/wp-json\/wp\/v2\/pages\/30\/revisions\/164"}],"wp:attachment":[{"href":"https:\/\/danielebrillaud.fr\/index.php\/wp-json\/wp\/v2\/media?parent=30"}],"curies":[{"name":"wp","href":"https:\/\/api.w.org\/{rel}","templated":true}]}}